{"id":832,"date":"2021-03-05T20:10:28","date_gmt":"2021-03-05T20:10:28","guid":{"rendered":"https:\/\/janevsky.cz\/about-us\/"},"modified":"2023-12-11T09:56:09","modified_gmt":"2023-12-11T09:56:09","slug":"cenik","status":"publish","type":"page","link":"https:\/\/janevsky.cz\/en\/cenik\/","title":{"rendered":"Pricing"},"content":{"rendered":"<div data-elementor-type=\"wp-page\" data-elementor-id=\"832\" class=\"elementor elementor-832\">\n\t\t\t\t<div class=\"elementor-element elementor-element-10ac60e e-flex e-con-boxed e-con e-parent\" data-id=\"10ac60e\" data-element_type=\"container\" data-e-type=\"container\" data-settings=\"{&quot;background_background&quot;:&quot;classic&quot;}\">\n\t\t\t\t\t<div class=\"e-con-inner\">\n\t\t<div class=\"elementor-element elementor-element-a7bec28 e-con-full e-flex e-con e-child\" data-id=\"a7bec28\" data-element_type=\"container\" data-e-type=\"container\">\n\t\t\t\t<div class=\"elementor-element elementor-element-503cedc elementor-widget-divider--view-line elementor-widget elementor-widget-divider\" data-id=\"503cedc\" data-element_type=\"widget\" data-e-type=\"widget\" data-widget_type=\"divider.default\">\n\t\t\t\t<div class=\"elementor-widget-container\">\n\t\t\t\t\t\t\t<div class=\"elementor-divider\">\n\t\t\t<span class=\"elementor-divider-separator\">\n\t\t\t\t\t\t<\/span>\n\t\t<\/div>\n\t\t\t\t\t\t<\/div>\n\t\t\t\t<\/div>\n\t\t\t\t<div class=\"elementor-element elementor-element-6629392 elementor-widget elementor-widget-heading\" data-id=\"6629392\" data-element_type=\"widget\" data-e-type=\"widget\" data-widget_type=\"heading.default\">\n\t\t\t\t<div class=\"elementor-widget-container\">\n\t\t\t\t\t<h1 class=\"elementor-heading-title elementor-size-default\">Pricing<\/h1>\t\t\t\t<\/div>\n\t\t\t\t<\/div>\n\t\t\t\t<div class=\"elementor-element elementor-element-48746ef elementor-widget elementor-widget-text-editor\" data-id=\"48746ef\" data-element_type=\"widget\" data-e-type=\"widget\" data-widget_type=\"text-editor.default\">\n\t\t\t\t<div class=\"elementor-widget-container\">\n\t\t\t\t\t\t\t\t\t<p>Clear and transparent pricing for my services, along with the method of payment, is absolutely crucial for building trust between us and fostering our collaboration. I firmly believe that clients should be fully informed about what they are paying for.<\/p>\t\t\t\t\t\t\t\t<\/div>\n\t\t\t\t<\/div>\n\t\t\t\t<\/div>\n\t\t\t\t\t<\/div>\n\t\t\t\t<\/div>\n\t\t<div class=\"elementor-element elementor-element-f3abc6e e-flex e-con-boxed e-con e-parent\" data-id=\"f3abc6e\" data-element_type=\"container\" data-e-type=\"container\" data-settings=\"{&quot;background_background&quot;:&quot;classic&quot;}\">\n\t\t\t\t\t<div class=\"e-con-inner\">\n\t\t\t\t<div class=\"elementor-element elementor-element-6bc10d2 elementor-widget-divider--view-line elementor-widget elementor-widget-divider\" data-id=\"6bc10d2\" data-element_type=\"widget\" data-e-type=\"widget\" data-widget_type=\"divider.default\">\n\t\t\t\t<div class=\"elementor-widget-container\">\n\t\t\t\t\t\t\t<div class=\"elementor-divider\">\n\t\t\t<span class=\"elementor-divider-separator\">\n\t\t\t\t\t\t<\/span>\n\t\t<\/div>\n\t\t\t\t\t\t<\/div>\n\t\t\t\t<\/div>\n\t\t\t\t<div class=\"elementor-element elementor-element-c3bbf37 elementor-widget elementor-widget-heading\" data-id=\"c3bbf37\" data-element_type=\"widget\" data-e-type=\"widget\" data-widget_type=\"heading.default\">\n\t\t\t\t<div class=\"elementor-widget-container\">\n\t\t\t\t\t<h2 class=\"elementor-heading-title elementor-size-default\">Determining the price for legal services<\/h2>\t\t\t\t<\/div>\n\t\t\t\t<\/div>\n\t\t\t\t<div class=\"elementor-element elementor-element-bed6555 elementor-widget elementor-widget-text-editor\" data-id=\"bed6555\" data-element_type=\"widget\" data-e-type=\"widget\" data-widget_type=\"text-editor.default\">\n\t\t\t\t<div class=\"elementor-widget-container\">\n\t\t\t\t\t\t\t\t\t<p>When determining the cost for legal services, a key aspect is the amount of work involved. In cases where significant involvement of other parties is not anticipated (such as drafting contracts between close individuals, establishing a company, or selling real estate with pre-agreed terms), it is possible to accurately estimate the time commitment and the corresponding fee before commencing the work. In situations where precise time requirements cannot be determined, such as in legal disputes, I will do my best to provide the most accurate estimate for each possible scenario and inform you of factors that may impact the final scope of services. <\/p><p>When determining the cost, I strive to be entirely transparent. However, please consider that in many cases, it may not be possible to precisely determine the price in advance, as unexpected issues may arise during the course of working on your case. In the event of such circumstances, I will, of course, promptly inform you of possible impacts on the estimated scope of legal services, allowing us to adjust the agreed-upon approach to your satisfaction if needed.<\/p><p>I outline possible methods of determining the cost for legal services below.<\/p>\t\t\t\t\t\t\t\t<\/div>\n\t\t\t\t<\/div>\n\t\t\t\t<div class=\"elementor-element elementor-element-ccdc13b elementor-widget elementor-widget-heading\" data-id=\"ccdc13b\" data-element_type=\"widget\" data-e-type=\"widget\" data-widget_type=\"heading.default\">\n\t\t\t\t<div class=\"elementor-widget-container\">\n\t\t\t\t\t<h3 class=\"elementor-heading-title elementor-size-default\">Hourly rate<\/h3>\t\t\t\t<\/div>\n\t\t\t\t<\/div>\n\t\t\t\t<div class=\"elementor-element elementor-element-ded6020 elementor-widget elementor-widget-text-editor\" data-id=\"ded6020\" data-element_type=\"widget\" data-e-type=\"widget\" data-widget_type=\"text-editor.default\">\n\t\t\t\t<div class=\"elementor-widget-container\">\n\t\t\t\t\t\t\t\t\t<p>Unless we agree on a different method, the cost for legal services will be based on the amount of work performed on the specific case. The amount of work is measured in hours, and shorter tasks are grouped together, so you won't be charged a full hourly rate for a fifteen-minute task. You will be regularly informed about the amount of work performed.<\/p><p>The hourly rate will typically be set in the range of CZK 2.500 to CZK 3.500, taking into consideration the complexity of the specific case and the scope of the provided legal services.<\/p>\t\t\t\t\t\t\t\t<\/div>\n\t\t\t\t<\/div>\n\t\t\t\t<div class=\"elementor-element elementor-element-daaf8eb elementor-widget elementor-widget-heading\" data-id=\"daaf8eb\" data-element_type=\"widget\" data-e-type=\"widget\" data-widget_type=\"heading.default\">\n\t\t\t\t<div class=\"elementor-widget-container\">\n\t\t\t\t\t<h3 class=\"elementor-heading-title elementor-size-default\">Flat monthly fee<\/h3>\t\t\t\t<\/div>\n\t\t\t\t<\/div>\n\t\t\t\t<div class=\"elementor-element elementor-element-ee8c2c8 elementor-widget elementor-widget-text-editor\" data-id=\"ee8c2c8\" data-element_type=\"widget\" data-e-type=\"widget\" data-widget_type=\"text-editor.default\">\n\t\t\t\t<div class=\"elementor-widget-container\">\n\t\t\t\t\t\t\t\t\t<p>If you expect to require legal services on a regular and long-term basis (for instance, related to your business), we can discuss establishing a flat-fee arrangement. Through this ongoing collaboration, I will ensure the provision of a set number of hours of legal services each month at a preferential rate compared to the standard hourly fee described above.<\/p>\t\t\t\t\t\t\t\t<\/div>\n\t\t\t\t<\/div>\n\t\t\t\t<div class=\"elementor-element elementor-element-284637b elementor-widget elementor-widget-heading\" data-id=\"284637b\" data-element_type=\"widget\" data-e-type=\"widget\" data-widget_type=\"heading.default\">\n\t\t\t\t<div class=\"elementor-widget-container\">\n\t\t\t\t\t<h3 class=\"elementor-heading-title elementor-size-default\">Alternative methods of fee arrangement<\/h3>\t\t\t\t<\/div>\n\t\t\t\t<\/div>\n\t\t\t\t<div class=\"elementor-element elementor-element-4cb32dc elementor-widget elementor-widget-text-editor\" data-id=\"4cb32dc\" data-element_type=\"widget\" data-e-type=\"widget\" data-widget_type=\"text-editor.default\">\n\t\t\t\t<div class=\"elementor-widget-container\">\n\t\t\t\t\t\t\t\t\t<p>We can also agree on an alternative fee arrangement, particularly by establishing a fixed budget for a specific case or, in exceptional situations, considering a contingency fee. The details depend on the specific situation and our mutual agreement.<\/p>\t\t\t\t\t\t\t\t<\/div>\n\t\t\t\t<\/div>\n\t\t\t\t\t<\/div>\n\t\t\t\t<\/div>\n\t\t<div class=\"elementor-element elementor-element-99edfb2 e-flex e-con-boxed e-con e-parent\" data-id=\"99edfb2\" data-element_type=\"container\" data-e-type=\"container\" data-settings=\"{&quot;background_background&quot;:&quot;classic&quot;}\">\n\t\t\t\t\t<div class=\"e-con-inner\">\n\t\t\t\t<div class=\"elementor-element elementor-element-98549b0 elementor-widget-divider--view-line elementor-widget elementor-widget-divider\" data-id=\"98549b0\" data-element_type=\"widget\" data-e-type=\"widget\" data-widget_type=\"divider.default\">\n\t\t\t\t<div class=\"elementor-widget-container\">\n\t\t\t\t\t\t\t<div class=\"elementor-divider\">\n\t\t\t<span class=\"elementor-divider-separator\">\n\t\t\t\t\t\t<\/span>\n\t\t<\/div>\n\t\t\t\t\t\t<\/div>\n\t\t\t\t<\/div>\n\t\t\t\t<div class=\"elementor-element elementor-element-62ad9e7 elementor-widget elementor-widget-heading\" data-id=\"62ad9e7\" data-element_type=\"widget\" data-e-type=\"widget\" data-widget_type=\"heading.default\">\n\t\t\t\t<div class=\"elementor-widget-container\">\n\t\t\t\t\t<h2 class=\"elementor-heading-title elementor-size-default\">Method of payment for legal services<\/h2>\t\t\t\t<\/div>\n\t\t\t\t<\/div>\n\t\t\t\t<div class=\"elementor-element elementor-element-df209de elementor-widget elementor-widget-text-editor\" data-id=\"df209de\" data-element_type=\"widget\" data-e-type=\"widget\" data-widget_type=\"text-editor.default\">\n\t\t\t\t<div class=\"elementor-widget-container\">\n\t\t\t\t\t\t\t\t\t<p>For cases that we will be working on over an extended period, I will regularly provide you with monthly reports on the amount of work performed, and upon approval of the scope, issue invoices accordingly.<\/p><p>In certain situations, especially for one-time cases, upon approval of the fee, an advance invoice may be issued for the agreed-upon amount. Legal services will commence only after the payment of this advance invoice.<\/p><p>However, I always strive to reach an agreement with clients on a payment method that suits their preferences.<\/p>\t\t\t\t\t\t\t\t<\/div>\n\t\t\t\t<\/div>\n\t\t\t\t\t<\/div>\n\t\t\t\t<\/div>\n\t\t\t\t<\/div>","protected":false},"excerpt":{"rendered":"<p>Cen\u00edk Jasn\u00e9 a transparentn\u00ed ur\u010den\u00ed ceny za m\u00e9 slu\u017eby a zp\u016fsobu jej\u00ed \u00fahrady je naprosto kl\u00ed\u010dov\u00e9 pro vytvo\u0159en\u00ed d\u016fv\u011bry mezi n\u00e1mi a pro na\u0161i spolupr\u00e1ci. Jsem p\u0159esv\u011bd\u010den\u00fd o tom, \u017ee klient mus\u00ed b\u00fdt zcela informov\u00e1n o tom, za co p\u0159esn\u011b plat\u00ed. Ur\u010den\u00ed ceny za pr\u00e1vn\u00ed slu\u017eby P\u0159i ur\u010den\u00ed ceny za pr\u00e1vn\u00ed slu\u017eby je kl\u00ed\u010dov\u00fdm aspektem &hellip;<\/p>\n<p class=\"read-more\"> <a class=\"\" href=\"https:\/\/janevsky.cz\/en\/cenik\/\"> <span class=\"screen-reader-text\">Pricing<\/span> Read More &raquo;<\/a><\/p>","protected":false},"author":1,"featured_media":0,"parent":0,"menu_order":0,"comment_status":"closed","ping_status":"closed","template":"","meta":{"_monsterinsights_skip_tracking":false,"_monsterinsights_sitenote_active":false,"_monsterinsights_sitenote_note":"","_monsterinsights_sitenote_category":0,"site-sidebar-layout":"no-sidebar","site-content-layout":"page-builder","ast-site-content-layout":"","site-content-style":"default","site-sidebar-style":"default","ast-global-header-display":"","ast-banner-title-visibility":"","ast-main-header-display":"","ast-hfb-above-header-display":"","ast-hfb-below-header-display":"","ast-hfb-mobile-header-display":"","site-post-title":"disabled","ast-breadcrumbs-content":"disabled","ast-featured-img":"disabled","footer-sml-layout":"","theme-transparent-header-meta":"enabled","adv-header-id-meta":"","stick-header-meta":"","header-above-stick-meta":"","header-main-stick-meta":"","header-below-stick-meta":"","astra-migrate-meta-layouts":"default","ast-page-background-enabled":"default","ast-page-background-meta":{"desktop":{"background-color":"","background-image":"","background-repeat":"repeat","background-position":"center center","background-size":"auto","background-attachment":"scroll","background-type":"","background-media":"","overlay-type":"","overlay-color":"","overlay-gradient":""},"tablet":{"background-color":"","background-image":"","background-repeat":"repeat","background-position":"center center","background-size":"auto","background-attachment":"scroll","background-type":"","background-media":"","overlay-type":"","overlay-color":"","overlay-gradient":""},"mobile":{"background-color":"","background-image":"","background-repeat":"repeat","background-position":"center center","background-size":"auto","background-attachment":"scroll","background-type":"","background-media":"","overlay-type":"","overlay-color":"","overlay-gradient":""}},"ast-content-background-meta":{"desktop":{"background-color":"var(--ast-global-color-5)","background-image":"","background-repeat":"repeat","background-position":"center center","background-size":"auto","background-attachment":"scroll","background-type":"","background-media":"","overlay-type":"","overlay-color":"","overlay-gradient":""},"tablet":{"background-color":"var(--ast-global-color-5)","background-image":"","background-repeat":"repeat","background-position":"center center","background-size":"auto","background-attachment":"scroll","background-type":"","background-media":"","overlay-type":"","overlay-color":"","overlay-gradient":""},"mobile":{"background-color":"var(--ast-global-color-5)","background-image":"","background-repeat":"repeat","background-position":"center center","background-size":"auto","background-attachment":"scroll","background-type":"","background-media":"","overlay-type":"","overlay-color":"","overlay-gradient":""}},"footnotes":""},"class_list":["post-832","page","type-page","status-publish","hentry"],"yoast_head":"<!-- This site is optimized with the Yoast SEO plugin v27.4 - https:\/\/yoast.com\/product\/yoast-seo-wordpress\/ -->\n<title>Cen\u00edk - Jakub Janevsk\u00fd, advok\u00e1t<\/title>\n<meta name=\"robots\" content=\"index, follow, max-snippet:-1, max-image-preview:large, max-video-preview:-1\" \/>\n<link rel=\"canonical\" href=\"https:\/\/janevsky.cz\/en\/cenik\/\" \/>\n<meta property=\"og:locale\" content=\"en_US\" \/>\n<meta property=\"og:type\" content=\"article\" \/>\n<meta property=\"og:title\" content=\"Cen\u00edk - Jakub Janevsk\u00fd, advok\u00e1t\" \/>\n<meta property=\"og:description\" content=\"Cen\u00edk Jasn\u00e9 a transparentn\u00ed ur\u010den\u00ed ceny za m\u00e9 slu\u017eby a zp\u016fsobu jej\u00ed \u00fahrady je naprosto kl\u00ed\u010dov\u00e9 pro vytvo\u0159en\u00ed d\u016fv\u011bry mezi n\u00e1mi a pro na\u0161i spolupr\u00e1ci. Jsem p\u0159esv\u011bd\u010den\u00fd o tom, \u017ee klient mus\u00ed b\u00fdt zcela informov\u00e1n o tom, za co p\u0159esn\u011b plat\u00ed. Ur\u010den\u00ed ceny za pr\u00e1vn\u00ed slu\u017eby P\u0159i ur\u010den\u00ed ceny za pr\u00e1vn\u00ed slu\u017eby je kl\u00ed\u010dov\u00fdm aspektem &hellip; Cen\u00edk Read More &raquo;\" \/>\n<meta property=\"og:url\" content=\"https:\/\/janevsky.cz\/en\/cenik\/\" \/>\n<meta property=\"og:site_name\" content=\"Jakub Janevsk\u00fd, advok\u00e1t\" \/>\n<meta property=\"article:modified_time\" content=\"2023-12-11T09:56:09+00:00\" \/>\n<meta name=\"twitter:card\" content=\"summary_large_image\" \/>\n<meta name=\"twitter:label1\" content=\"Est. reading time\" \/>\n\t<meta name=\"twitter:data1\" content=\"3 minutes\" \/>\n<script type=\"application\/ld+json\" class=\"yoast-schema-graph\">{\"@context\":\"https:\\\/\\\/schema.org\",\"@graph\":[{\"@type\":\"WebPage\",\"@id\":\"https:\\\/\\\/janevsky.cz\\\/cenik\\\/\",\"url\":\"https:\\\/\\\/janevsky.cz\\\/cenik\\\/\",\"name\":\"Cen\u00edk - Jakub Janevsk\u00fd, advok\u00e1t\",\"isPartOf\":{\"@id\":\"https:\\\/\\\/janevsky.cz\\\/#website\"},\"datePublished\":\"2021-03-05T20:10:28+00:00\",\"dateModified\":\"2023-12-11T09:56:09+00:00\",\"breadcrumb\":{\"@id\":\"https:\\\/\\\/janevsky.cz\\\/cenik\\\/#breadcrumb\"},\"inLanguage\":\"en-US\",\"potentialAction\":[{\"@type\":\"ReadAction\",\"target\":[\"https:\\\/\\\/janevsky.cz\\\/cenik\\\/\"]}]},{\"@type\":\"BreadcrumbList\",\"@id\":\"https:\\\/\\\/janevsky.cz\\\/cenik\\\/#breadcrumb\",\"itemListElement\":[{\"@type\":\"ListItem\",\"position\":1,\"name\":\"Home\",\"item\":\"https:\\\/\\\/janevsky.cz\\\/\"},{\"@type\":\"ListItem\",\"position\":2,\"name\":\"Cen\u00edk\"}]},{\"@type\":\"WebSite\",\"@id\":\"https:\\\/\\\/janevsky.cz\\\/#website\",\"url\":\"https:\\\/\\\/janevsky.cz\\\/\",\"name\":\"Jakub Janevsk\u00fd, advok\u00e1t\",\"description\":\"Modern\u00ed advok\u00e1t pro modern\u00ed probl\u00e9my\",\"publisher\":{\"@id\":\"https:\\\/\\\/janevsky.cz\\\/#organization\"},\"potentialAction\":[{\"@type\":\"SearchAction\",\"target\":{\"@type\":\"EntryPoint\",\"urlTemplate\":\"https:\\\/\\\/janevsky.cz\\\/?s={search_term_string}\"},\"query-input\":{\"@type\":\"PropertyValueSpecification\",\"valueRequired\":true,\"valueName\":\"search_term_string\"}}],\"inLanguage\":\"en-US\"},{\"@type\":\"Organization\",\"@id\":\"https:\\\/\\\/janevsky.cz\\\/#organization\",\"name\":\"Jakub Janevsk\u00fd, advok\u00e1t\",\"url\":\"https:\\\/\\\/janevsky.cz\\\/\",\"logo\":{\"@type\":\"ImageObject\",\"inLanguage\":\"en-US\",\"@id\":\"https:\\\/\\\/janevsky.cz\\\/#\\\/schema\\\/logo\\\/image\\\/\",\"url\":\"https:\\\/\\\/janevsky.cz\\\/wp-content\\\/uploads\\\/2023\\\/12\\\/JJ-logo-final.png\",\"contentUrl\":\"https:\\\/\\\/janevsky.cz\\\/wp-content\\\/uploads\\\/2023\\\/12\\\/JJ-logo-final.png\",\"width\":580,\"height\":580,\"caption\":\"Jakub Janevsk\u00fd, advok\u00e1t\"},\"image\":{\"@id\":\"https:\\\/\\\/janevsky.cz\\\/#\\\/schema\\\/logo\\\/image\\\/\"}}]}<\/script>\n<!-- \/ Yoast SEO plugin. -->","yoast_head_json":{"title":"Cen\u00edk - Jakub Janevsk\u00fd, advok\u00e1t","robots":{"index":"index","follow":"follow","max-snippet":"max-snippet:-1","max-image-preview":"max-image-preview:large","max-video-preview":"max-video-preview:-1"},"canonical":"https:\/\/janevsky.cz\/en\/cenik\/","og_locale":"en_US","og_type":"article","og_title":"Cen\u00edk - Jakub Janevsk\u00fd, advok\u00e1t","og_description":"Cen\u00edk Jasn\u00e9 a transparentn\u00ed ur\u010den\u00ed ceny za m\u00e9 slu\u017eby a zp\u016fsobu jej\u00ed \u00fahrady je naprosto kl\u00ed\u010dov\u00e9 pro vytvo\u0159en\u00ed d\u016fv\u011bry mezi n\u00e1mi a pro na\u0161i spolupr\u00e1ci. Jsem p\u0159esv\u011bd\u010den\u00fd o tom, \u017ee klient mus\u00ed b\u00fdt zcela informov\u00e1n o tom, za co p\u0159esn\u011b plat\u00ed. Ur\u010den\u00ed ceny za pr\u00e1vn\u00ed slu\u017eby P\u0159i ur\u010den\u00ed ceny za pr\u00e1vn\u00ed slu\u017eby je kl\u00ed\u010dov\u00fdm aspektem &hellip; Cen\u00edk Read More &raquo;","og_url":"https:\/\/janevsky.cz\/en\/cenik\/","og_site_name":"Jakub Janevsk\u00fd, advok\u00e1t","article_modified_time":"2023-12-11T09:56:09+00:00","twitter_card":"summary_large_image","twitter_misc":{"Est. reading time":"3 minutes"},"schema":{"@context":"https:\/\/schema.org","@graph":[{"@type":"WebPage","@id":"https:\/\/janevsky.cz\/cenik\/","url":"https:\/\/janevsky.cz\/cenik\/","name":"Cen\u00edk - Jakub Janevsk\u00fd, advok\u00e1t","isPartOf":{"@id":"https:\/\/janevsky.cz\/#website"},"datePublished":"2021-03-05T20:10:28+00:00","dateModified":"2023-12-11T09:56:09+00:00","breadcrumb":{"@id":"https:\/\/janevsky.cz\/cenik\/#breadcrumb"},"inLanguage":"en-US","potentialAction":[{"@type":"ReadAction","target":["https:\/\/janevsky.cz\/cenik\/"]}]},{"@type":"BreadcrumbList","@id":"https:\/\/janevsky.cz\/cenik\/#breadcrumb","itemListElement":[{"@type":"ListItem","position":1,"name":"Home","item":"https:\/\/janevsky.cz\/"},{"@type":"ListItem","position":2,"name":"Cen\u00edk"}]},{"@type":"WebSite","@id":"https:\/\/janevsky.cz\/#website","url":"https:\/\/janevsky.cz\/","name":"Jakub Janevsk\u00fd, advok\u00e1t","description":"Modern attorney for modern problems","publisher":{"@id":"https:\/\/janevsky.cz\/#organization"},"potentialAction":[{"@type":"SearchAction","target":{"@type":"EntryPoint","urlTemplate":"https:\/\/janevsky.cz\/?s={search_term_string}"},"query-input":{"@type":"PropertyValueSpecification","valueRequired":true,"valueName":"search_term_string"}}],"inLanguage":"en-US"},{"@type":"Organization","@id":"https:\/\/janevsky.cz\/#organization","name":"Jakub Janevsk\u00fd, advok\u00e1t","url":"https:\/\/janevsky.cz\/","logo":{"@type":"ImageObject","inLanguage":"en-US","@id":"https:\/\/janevsky.cz\/#\/schema\/logo\/image\/","url":"https:\/\/janevsky.cz\/wp-content\/uploads\/2023\/12\/JJ-logo-final.png","contentUrl":"https:\/\/janevsky.cz\/wp-content\/uploads\/2023\/12\/JJ-logo-final.png","width":580,"height":580,"caption":"Jakub Janevsk\u00fd, advok\u00e1t"},"image":{"@id":"https:\/\/janevsky.cz\/#\/schema\/logo\/image\/"}}]}},"_links":{"self":[{"href":"https:\/\/janevsky.cz\/en\/wp-json\/wp\/v2\/pages\/832","targetHints":{"allow":["GET"]}}],"collection":[{"href":"https:\/\/janevsky.cz\/en\/wp-json\/wp\/v2\/pages"}],"about":[{"href":"https:\/\/janevsky.cz\/en\/wp-json\/wp\/v2\/types\/page"}],"author":[{"embeddable":true,"href":"https:\/\/janevsky.cz\/en\/wp-json\/wp\/v2\/users\/1"}],"replies":[{"embeddable":true,"href":"https:\/\/janevsky.cz\/en\/wp-json\/wp\/v2\/comments?post=832"}],"version-history":[{"count":10,"href":"https:\/\/janevsky.cz\/en\/wp-json\/wp\/v2\/pages\/832\/revisions"}],"predecessor-version":[{"id":1609,"href":"https:\/\/janevsky.cz\/en\/wp-json\/wp\/v2\/pages\/832\/revisions\/1609"}],"wp:attachment":[{"href":"https:\/\/janevsky.cz\/en\/wp-json\/wp\/v2\/media?parent=832"}],"curies":[{"name":"wp","href":"https:\/\/api.w.org\/{rel}","templated":true}]}}